{"id":76,"date":"2025-07-21T16:09:07","date_gmt":"2025-07-21T14:09:07","guid":{"rendered":"https:\/\/festgarten-sandkerwa.de\/?page_id=76"},"modified":"2025-07-21T16:09:07","modified_gmt":"2025-07-21T14:09:07","slug":"impressum","status":"publish","type":"page","link":"https:\/\/festgarten-sandkerwa.de\/index.php\/impressum\/","title":{"rendered":"Impressum"},"content":{"rendered":"\n<p>Gesetzliche Anbieterkennung:<\/p>\n\n\n\n<p>G\u00e4nstaller Braumanufaktur GmbH &amp; Co. KG<br>Hafenstr. 37<br>96052 Bamberg<br>Deutschland<br>Telefon: +49 951 70026 329<br>Telefax: +49 951 70026 327<br>E-Mail: kontakt@gaenstaller.de<br>USt-IdNr.: DE327 929 307<br>eingetragen im Handelsregister des Amtsgerichtes Bamberg<br>Handelsregisternummer HRA 12643<\/p>\n\n\n\n<p>vertreten durch die pers\u00f6nlich haftende Gesellschafterin<br>G\u00e4nstaller Verwaltungs GmbH<br>diese vertr. d. d. Gesch\u00e4ftsf\u00fchrer Josef Badum<br>Hafenstr. 37, 96052 Bamberg, Deutschland<br>eingetragen im Handelsregister des Amtsgerichtes Bamberg<br>Handelsregisternummer HRB 9844<\/p>\n\n\n\n<p>Alternative Streitbeilegung:<br>Die Europ\u00e4ische Kommission stellt eine Plattform f\u00fcr die au\u00dfergerichtliche Online-Streitbeilegung (OS-Plattform) bereit, aufrufbar unter https:\/\/ec.europa.eu\/odr (https:\/\/ec.europa.eu\/consumers\/odr).<\/p>\n","protected":false},"excerpt":{"rendered":"<p>Gesetzliche Anbieterkennung: G\u00e4nstaller Braumanufaktur GmbH &amp; Co. KGHafenstr. 3796052 BambergDeutschlandTelefon: +49 951 70026 329Telefax: +49 951 70026 327E-Mail: kontakt@gaenstaller.deUSt-IdNr.: DE327 929 307eingetragen im Handelsregister des Amtsgerichtes BambergHandelsregisternummer HRA 12643 vertreten durch die pers\u00f6nlich haftende GesellschafterinG\u00e4nstaller Verwaltungs GmbHdiese vertr. d. d. Gesch\u00e4ftsf\u00fchrer Josef BadumHafenstr. 37, 96052 Bamberg, Deutschlandeingetragen im Handelsregister des Amtsgerichtes BambergHandelsregisternummer HRB 9844 Alternative [&hellip;]<\/p>\n","protected":false},"author":1,"featured_media":80,"parent":0,"menu_order":0,"comment_status":"closed","ping_status":"closed","template":"","meta":{"footnotes":""},"class_list":["post-76","page","type-page","status-publish","has-post-thumbnail","hentry"],"_links":{"self":[{"href":"https:\/\/festgarten-sandkerwa.de\/index.php\/wp-json\/wp\/v2\/pages\/76"}],"collection":[{"href":"https:\/\/festgarten-sandkerwa.de\/index.php\/wp-json\/wp\/v2\/pages"}],"about":[{"href":"https:\/\/festgarten-sandkerwa.de\/index.php\/wp-json\/wp\/v2\/types\/page"}],"author":[{"embeddable":true,"href":"https:\/\/festgarten-sandkerwa.de\/index.php\/wp-json\/wp\/v2\/users\/1"}],"replies":[{"embeddable":true,"href":"https:\/\/festgarten-sandkerwa.de\/index.php\/wp-json\/wp\/v2\/comments?post=76"}],"version-history":[{"count":1,"href":"https:\/\/festgarten-sandkerwa.de\/index.php\/wp-json\/wp\/v2\/pages\/76\/revisions"}],"predecessor-version":[{"id":77,"href":"https:\/\/festgarten-sandkerwa.de\/index.php\/wp-json\/wp\/v2\/pages\/76\/revisions\/77"}],"wp:featuredmedia":[{"embeddable":true,"href":"https:\/\/festgarten-sandkerwa.de\/index.php\/wp-json\/wp\/v2\/media\/80"}],"wp:attachment":[{"href":"https:\/\/festgarten-sandkerwa.de\/index.php\/wp-json\/wp\/v2\/media?parent=76"}],"curies":[{"name":"wp","href":"https:\/\/api.w.org\/{rel}","templated":true}]}}