{"id":34,"date":"2025-07-21T15:46:39","date_gmt":"2025-07-21T13:46:39","guid":{"rendered":"https:\/\/festgarten-sandkerwa.de\/?page_id=34"},"modified":"2025-07-21T16:30:05","modified_gmt":"2025-07-21T14:30:05","slug":"xprogramm","status":"publish","type":"page","link":"https:\/\/festgarten-sandkerwa.de\/index.php\/xprogramm\/","title":{"rendered":"Programm"},"content":{"rendered":"\n<p>Donnerstag, 21.08.2025 <\/p>\n\n\n\n<ul class=\"wp-block-list\">\n<li>13:00 Uhr \/ 14:30 Uhr<br>Kindernachmittag im Festgarten am Leinritt mit der Puppenb\u00fchne Herrnleben.<br>Der Bamberger Kasperl zeigt ein Sandkerwa-Abenteuer von Florian Herrnleben.<\/li>\n\n\n\n<li><strong>18:00 Uhr<br>Er\u00f6ffnung der 75. Bamberger Sandkerwa<br>Schirmherrschaft: Oberb\u00fcrgermeister Andreas Starke und MdL Melanie Hume<\/strong><\/li>\n\n\n\n<li>Anschlie\u00dfend &#8230;. Band&nbsp;&nbsp;1516<\/li>\n<\/ul>\n\n\n\n<p>Freitag, 22.08.2025<\/p>\n\n\n\n<ul class=\"wp-block-list\">\n<li>17:45 Uhr <br>Festzug zum Kirchweihbaum<\/li>\n\n\n\n<li>18:00 Uhr<br>Grain House (Vorband)<\/li>\n\n\n\n<li>19:00 Uhr<br>Orange Drops<\/li>\n<\/ul>\n\n\n\n<p>Samstag, 23.08.2025<\/p>\n\n\n\n<ul class=\"wp-block-list\">\n<li>14:30 Uhr<br>Jugendfischerstechen<\/li>\n\n\n\n<li>16:00 Uhr<br>Frauenchor<\/li>\n\n\n\n<li>19:00 Uhr<br>Blechbande<\/li>\n<\/ul>\n\n\n\n<p>Sonntag, 24.08.2025<\/p>\n\n\n\n<ul class=\"wp-block-list\">\n<li><strong>11:00 Uhr<br>Fr\u00fchschoppen, Weisswurstfr\u00fchst\u00fcck<\/strong>\n<ul class=\"wp-block-list\">\n<li>M &amp; M &#8211; einfach aufg&#8217;spielt<\/li>\n<\/ul>\n<\/li>\n\n\n\n<li><strong>15:00 Uhr<br>71. Fischerstechen auf der Regnitz<br>Leitung: Unterer Schiffer- und Fischerzunft Bamberg,<br>Moderation: Max Kropf, Schirmherrschaft:<br>Oberb\u00fcrgermeister Andreas Starke und MdL Melanie Huml<\/strong><\/li>\n\n\n\n<li>16:00 Uhr<br>M\u00e4nnerchor<\/li>\n\n\n\n<li>18:00 Uhr <br>Wattendorfer Musikanten<\/li>\n<\/ul>\n\n\n\n<p>Montag, 25.08.2025<\/p>\n\n\n\n<ul class=\"wp-block-list\">\n<li>18:00 Uhr<br>Hofkapelle<\/li>\n\n\n\n<li><strong>22:00 Uhr<br>Gro\u00dfes Jubil\u00e4ums-Abschlussfeuerwerk mit Musik auf der Regnitz vor Klein-Venedig<\/strong><\/li>\n<\/ul>\n\n\n\n<p><\/p>\n","protected":false},"excerpt":{"rendered":"<p>Donnerstag, 21.08.2025 Freitag, 22.08.2025 Samstag, 23.08.2025 Sonntag, 24.08.2025 Montag, 25.08.2025<\/p>\n","protected":false},"author":1,"featured_media":37,"parent":0,"menu_order":0,"comment_status":"closed","ping_status":"closed","template":"","meta":{"footnotes":""},"class_list":["post-34","page","type-page","status-publish","has-post-thumbnail","hentry"],"_links":{"self":[{"href":"https:\/\/festgarten-sandkerwa.de\/index.php\/wp-json\/wp\/v2\/pages\/34"}],"collection":[{"href":"https:\/\/festgarten-sandkerwa.de\/index.php\/wp-json\/wp\/v2\/pages"}],"about":[{"href":"https:\/\/festgarten-sandkerwa.de\/index.php\/wp-json\/wp\/v2\/types\/page"}],"author":[{"embeddable":true,"href":"https:\/\/festgarten-sandkerwa.de\/index.php\/wp-json\/wp\/v2\/users\/1"}],"replies":[{"embeddable":true,"href":"https:\/\/festgarten-sandkerwa.de\/index.php\/wp-json\/wp\/v2\/comments?post=34"}],"version-history":[{"count":9,"href":"https:\/\/festgarten-sandkerwa.de\/index.php\/wp-json\/wp\/v2\/pages\/34\/revisions"}],"predecessor-version":[{"id":75,"href":"https:\/\/festgarten-sandkerwa.de\/index.php\/wp-json\/wp\/v2\/pages\/34\/revisions\/75"}],"wp:featuredmedia":[{"embeddable":true,"href":"https:\/\/festgarten-sandkerwa.de\/index.php\/wp-json\/wp\/v2\/media\/37"}],"wp:attachment":[{"href":"https:\/\/festgarten-sandkerwa.de\/index.php\/wp-json\/wp\/v2\/media?parent=34"}],"curies":[{"name":"wp","href":"https:\/\/api.w.org\/{rel}","templated":true}]}}