{"id":15,"date":"2025-07-15T17:51:02","date_gmt":"2025-07-15T15:51:02","guid":{"rendered":"https:\/\/festgarten-sandkerwa.de\/?page_id=15"},"modified":"2026-03-18T15:54:41","modified_gmt":"2026-03-18T14:54:41","slug":"festgarten-am-leinritt-genuss-mit-aussicht-bei-der-bamberger-sandkerwa","status":"publish","type":"page","link":"https:\/\/festgarten-sandkerwa.de\/","title":{"rendered":"Home"},"content":{"rendered":"\n<p><strong>75. Bamberger Sandkerwa vom 20. &#8211; 24.08.202<\/strong>6<\/p>\n\n\n\n<p>Im Mittelpunkt steht die <strong>G\u00e4nstaller Braumanufaktur<\/strong>, handgebraut mit Leidenschaft und fr\u00e4nkischer Perfektion. Ob das rauchige Burned Malt mit Karamellnote oder das s\u00fcffige Helles Lager, die Braumanufaktur \u00fcberzeugt mit kreativen Interpretationen klassischer Biersorten. &nbsp;<\/p>\n\n\n\n<p>Weinliebhaber kommen am Stand des <strong>Weinguts Wagner<\/strong> aus Staffelbach auf ihre Kosten: Der familiengef\u00fchrte Betrieb serviert erlesene Weine aus eigenem Anbau. Perfekt f\u00fcr einen stilvollen Kontrast zum Biergenuss. &nbsp;<\/p>\n\n\n\n<p>Der <strong>Partyservice Finzel<\/strong> verw\u00f6hnt seine G\u00e4ste mit fr\u00e4nkischen Grillspezialit\u00e4ten perfekt f\u00fcr die Sandkerwa. &nbsp;Zum traditionellen Fischerstechen bietet Finzel sogar ein gem\u00fctliches Wei\u00dfwurst-Fr\u00fchst\u00fcck am Sonntag an. Mit frischen Brezen, s\u00fc\u00dfem Senf und nat\u00fcrlich den feinsten Wei\u00dfw\u00fcrsten. Ein kulinarischer Start in den Tag, der fr\u00e4nkische Gem\u00fctlichkeit pur verspricht! &nbsp;<\/p>\n\n\n\n<p>Abgerundet wird das kulinarische Erlebnis durch die stilvolle <strong>96 Sandbar<\/strong>. Ob ein klassischer Aperol Spritz, ein fruchtig-herber Sarti Spritz, ein perfekt gemixter Gin Tonic oder ein edles Glas Champagner \u2013 f\u00fcr jeden Moment halten wir den passenden Drink bereit.<br>Mit viel Liebe zum Detail serviert, wird jeder Schluck an der <strong>96 Sandbar<\/strong> zum puren Genuss.<\/p>\n\n\n\n<p><strong>\u00d6ffnungszeiten:<\/strong><\/p>\n\n\n\n<figure class=\"wp-block-table is-style-stripes\"><table width=\"60%\"><tbody><tr><td>Donnerstag,   <\/td><td>21.08.2025<\/td><td>15:00 bis 1:00 Uhr<\/td><\/tr><tr><td>Freitag,<\/td><td>22.08.2025<\/td><td>13:00 bis 1:00 Uhr<\/td><\/tr><tr><td>Samstag,<\/td><td>23.08.2025<\/td><td>11:00 bis 1:00 Uhr<\/td><\/tr><tr><td>Sonntag,<\/td><td>24.08.2025<\/td><td>11:00 bis 1:00 Uhr<\/td><\/tr><tr><td>Montag,<\/td><td>25.08.2025<\/td><td>13:00 bis 1:00 Uhr<\/td><\/tr><\/tbody><\/table><\/figure>\n","protected":false},"excerpt":{"rendered":"<p>75. Bamberger Sandkerwa vom 20. &#8211; 24.08.2026 Im Mittelpunkt steht die G\u00e4nstaller Braumanufaktur, handgebraut mit Leidenschaft und fr\u00e4nkischer Perfektion. Ob das rauchige Burned Malt mit Karamellnote oder das s\u00fcffige Helles Lager, die Braumanufaktur \u00fcberzeugt mit kreativen Interpretationen klassischer Biersorten. &nbsp; Weinliebhaber kommen am Stand des Weinguts Wagner aus Staffelbach auf ihre Kosten: Der familiengef\u00fchrte Betrieb [&hellip;]<\/p>\n","protected":false},"author":1,"featured_media":16,"parent":0,"menu_order":0,"comment_status":"closed","ping_status":"closed","template":"","meta":{"footnotes":""},"class_list":["post-15","page","type-page","status-publish","has-post-thumbnail","hentry"],"_links":{"self":[{"href":"https:\/\/festgarten-sandkerwa.de\/index.php\/wp-json\/wp\/v2\/pages\/15"}],"collection":[{"href":"https:\/\/festgarten-sandkerwa.de\/index.php\/wp-json\/wp\/v2\/pages"}],"about":[{"href":"https:\/\/festgarten-sandkerwa.de\/index.php\/wp-json\/wp\/v2\/types\/page"}],"author":[{"embeddable":true,"href":"https:\/\/festgarten-sandkerwa.de\/index.php\/wp-json\/wp\/v2\/users\/1"}],"replies":[{"embeddable":true,"href":"https:\/\/festgarten-sandkerwa.de\/index.php\/wp-json\/wp\/v2\/comments?post=15"}],"version-history":[{"count":16,"href":"https:\/\/festgarten-sandkerwa.de\/index.php\/wp-json\/wp\/v2\/pages\/15\/revisions"}],"predecessor-version":[{"id":88,"href":"https:\/\/festgarten-sandkerwa.de\/index.php\/wp-json\/wp\/v2\/pages\/15\/revisions\/88"}],"wp:featuredmedia":[{"embeddable":true,"href":"https:\/\/festgarten-sandkerwa.de\/index.php\/wp-json\/wp\/v2\/media\/16"}],"wp:attachment":[{"href":"https:\/\/festgarten-sandkerwa.de\/index.php\/wp-json\/wp\/v2\/media?parent=15"}],"curies":[{"name":"wp","href":"https:\/\/api.w.org\/{rel}","templated":true}]}}